{"id":1509,"date":"2019-11-28T11:57:04","date_gmt":"2019-11-28T10:57:04","guid":{"rendered":"https:\/\/eilandvangroningen.nl\/studio\/?page_id=1509"},"modified":"2020-11-18T17:29:52","modified_gmt":"2020-11-18T16:29:52","slug":"musictheory","status":"publish","type":"page","link":"https:\/\/eilandvangroningen.nl\/studio\/musictheory\/","title":{"rendered":"Music Fundamentals met Alan"},"content":{"rendered":"\n<p class=\"has-medium-font-size\"><strong>Music Fundamentals<\/strong><\/p>\n\n\n\n<p>The students will learn how to read, write and understand music by a combination of theory and practice, with listening and analyzing skills. Based on the Associated Board of the Royal Schools of Music, this program includes the study of the following subjects, in a graded organic way.&nbsp;<\/p>\n\n\n\n<div class=\"wp-block-image\"><figure class=\"alignright is-resized\"><img loading=\"lazy\" decoding=\"async\" src=\"\/\/eilandvangroningen.nl\/studio\/wp-content\/uploads\/sites\/12\/2019\/11\/AAN_Soundcloud-02.png\" alt=\"\" class=\"wp-image-1514\" width=\"258\" height=\"258\"\/><\/figure><\/div>\n\n\n\n<ul class=\"wp-block-list\"><li>Rhythm and Tempo<\/li><li>Pitch<\/li><li>Scales, Keys, Clefs<\/li><li>Intervals and Transposition<\/li><li>Chords<\/li><li>Interpretation<\/li><li>Articulation<\/li><li>Symbols<\/li><li>Writing for voice<\/li><li>Melody<\/li><li>Harmony<\/li><li>History and music styles<\/li><li>Instrumentation<\/li><li>Orchestration<\/li><\/ul>\n\n\n\n<p><strong>Outcomes<\/strong>:&nbsp;<\/p>\n\n\n\n<p>Either to become a professional musician or learn as a hobby, music theory is vital for a better understanding of music. Studying theory is a must for anyone who would like to become a composer, performer, musicologist or teacher.&nbsp;<\/p>\n\n\n\n<p><strong>About the lessons<\/strong>:&nbsp;<\/p>\n\n\n\n<p>Language: English&nbsp;<\/p>\n\n\n\n<p>Time: 1 or 2 hours a week\u2028<\/p>\n\n\n\n<p>Groups: 4 to 8 students\u2028<\/p>\n\n\n\n<p>Requirements: Students will need a copy of the book Theory in Practice (5 grades) by Eric Taylor (available on several websites).&nbsp;<\/p>\n\n\n\n<figure class=\"wp-block-image is-resized\"><img loading=\"lazy\" decoding=\"async\" src=\"https:\/\/lh3.googleusercontent.com\/pquxcJOr2KNoXYR0UkKepfBqXo2YPE5cPx8EtqGEzUokxmTvXXKUTMcvgkdmRZuHq07cb96STznF_pancgZh3kw_66NxRjWD281jNtmMfxW8Yu4TfkZ_InPXXy0eZXraKcqrDcpsfGx4krOJzQ\" alt=\"Macintosh HD:Users:alanahuednaime:Dropbox:Scores:Producci\u00f3n:AAN_Identidad Gr\u00e1fica:04. APLICACIONES:08. IM\u00c1GENES:02. SOUNDCLOUD:02. FONDO BLANCO:PNG:AAN_Soundcloud-15.png\" width=\"462\" height=\"460\"\/><\/figure>\n\n\n\n<p><\/p>\n\n\n\n<p><\/p>\n","protected":false},"excerpt":{"rendered":"<p>Music Fundamentals The students will learn how to read, write and understand music by a combination of theory &#8230;<a href=\"https:\/\/eilandvangroningen.nl\/studio\/musictheory\/\" class=\"read-more\">Continue Reading<\/a><\/p>\n","protected":false},"author":9,"featured_media":0,"parent":0,"menu_order":0,"comment_status":"closed","ping_status":"closed","template":"","meta":{"footnotes":""},"class_list":["post-1509","page","type-page","status-publish","hentry"],"_links":{"self":[{"href":"https:\/\/eilandvangroningen.nl\/studio\/wp-json\/wp\/v2\/pages\/1509","targetHints":{"allow":["GET"]}}],"collection":[{"href":"https:\/\/eilandvangroningen.nl\/studio\/wp-json\/wp\/v2\/pages"}],"about":[{"href":"https:\/\/eilandvangroningen.nl\/studio\/wp-json\/wp\/v2\/types\/page"}],"author":[{"embeddable":true,"href":"https:\/\/eilandvangroningen.nl\/studio\/wp-json\/wp\/v2\/users\/9"}],"replies":[{"embeddable":true,"href":"https:\/\/eilandvangroningen.nl\/studio\/wp-json\/wp\/v2\/comments?post=1509"}],"version-history":[{"count":17,"href":"https:\/\/eilandvangroningen.nl\/studio\/wp-json\/wp\/v2\/pages\/1509\/revisions"}],"predecessor-version":[{"id":1626,"href":"https:\/\/eilandvangroningen.nl\/studio\/wp-json\/wp\/v2\/pages\/1509\/revisions\/1626"}],"wp:attachment":[{"href":"https:\/\/eilandvangroningen.nl\/studio\/wp-json\/wp\/v2\/media?parent=1509"}],"curies":[{"name":"wp","href":"https:\/\/api.w.org\/{rel}","templated":true}]}}