{"id":1518,"date":"2019-11-29T12:48:26","date_gmt":"2019-11-29T11:48:26","guid":{"rendered":"https:\/\/eilandvangroningen.nl\/studio\/?page_id=1518"},"modified":"2019-12-14T23:21:48","modified_gmt":"2019-12-14T22:21:48","slug":"groeplessen-met-alan","status":"publish","type":"page","link":"https:\/\/eilandvangroningen.nl\/studio\/groeplessen-met-alan\/","title":{"rendered":"Sibelius met Alan"},"content":{"rendered":"\n<p class=\"has-medium-font-size\"><strong>Sibelius Notation Software<\/strong><br><\/p>\n\n\n\n<p>For people with basic musical knowledge who would like to learn how to write, edit, and engrave music in a professional way.<br><\/p>\n\n\n\n<p><strong>Level 1:<\/strong><\/p>\n\n\n\n<p>The student will learn how to use all the basic functions of Sibelius software with <a href=\"http:\/\/eilandvangroningen.nl\/alan\/\">Alan<\/a>:<\/p>\n\n\n\n<ul class=\"wp-block-list\"><li>Create and modify everything in a score<\/li><li>Notation<\/li><li>Text<\/li><li>Instrumentation<\/li><li>Time signature, Clef, Key<\/li><li>Lyrics<\/li><li>Export PDFs and audio<\/li><\/ul>\n\n\n\n<p><strong>Level 2:<\/strong><\/p>\n\n\n\n<p>The student will learn how to use the advanced functions, in order to create and engrave scores for professional purposes.<\/p>\n\n\n\n<ul class=\"wp-block-list\"><li>Orchestral works<\/li><li>Parts<\/li><li>Import and export MIDI and XML files<\/li><li>Edit symbols, lines, and instruments<\/li><li>Import and export graphics<\/li><li>XXI century notation systems<\/li><\/ul>\n\n\n\n<p><strong>Outcomes:<\/strong><\/p>\n\n\n\n<p>Either for composing, arranging, transcribing or engraving music, digital notation is a must in the music business.<br><\/p>\n\n\n\n<p><strong>About the lessons:<\/strong><\/p>\n\n\n\n<p>Language: English<\/p>\n\n\n\n<p>Time: 1 or 2 hours a week<\/p>\n\n\n\n<p>Course: 5 to 6 lessons to finish each level (This may vary from group to group).<\/p>\n\n\n\n<p>Groups: 4 to 12 students<\/p>\n\n\n\n<p>Requirements: Students will need to bring their laptop with Sibelius software installed.<\/p>\n\n\n\n<div class=\"wp-block-image\"><figure class=\"aligncenter is-resized\"><img loading=\"lazy\" decoding=\"async\" src=\"https:\/\/lh3.googleusercontent.com\/87IarPsUJxkgIwexXahbLiFRog6P1Q1BIl876pt-9Ek_A6m4-8Y7-T_9fueqRwqEF-vBgqpUmr-2t9nRxvaYxqwl6mSWMoPSpVtfd9zhvHdYCuImhlqL0rEBttFMz_-CJpQi4PvlAyhioXXbYw\" alt=\"Macintosh HD:Users:alanahuednaime:Dropbox:Scores:Producci\u00f3n:AAN_Identidad Gr\u00e1fica:04. APLICACIONES:08. IM\u00c1GENES:02. SOUNDCLOUD:02. FONDO BLANCO:PNG:AAN_Soundcloud-16.png\" width=\"521\" height=\"522\"\/><\/figure><\/div>\n\n\n\n<p><\/p>\n\n\n\n<p><\/p>\n","protected":false},"excerpt":{"rendered":"<p>Sibelius Notation Software For people with basic musical knowledge who would like to learn how to write, edit, &#8230;<a href=\"https:\/\/eilandvangroningen.nl\/studio\/groeplessen-met-alan\/\" class=\"read-more\">Continue Reading<\/a><\/p>\n","protected":false},"author":79,"featured_media":0,"parent":0,"menu_order":0,"comment_status":"closed","ping_status":"closed","template":"","meta":{"footnotes":""},"class_list":["post-1518","page","type-page","status-publish","hentry"],"_links":{"self":[{"href":"https:\/\/eilandvangroningen.nl\/studio\/wp-json\/wp\/v2\/pages\/1518","targetHints":{"allow":["GET"]}}],"collection":[{"href":"https:\/\/eilandvangroningen.nl\/studio\/wp-json\/wp\/v2\/pages"}],"about":[{"href":"https:\/\/eilandvangroningen.nl\/studio\/wp-json\/wp\/v2\/types\/page"}],"author":[{"embeddable":true,"href":"https:\/\/eilandvangroningen.nl\/studio\/wp-json\/wp\/v2\/users\/79"}],"replies":[{"embeddable":true,"href":"https:\/\/eilandvangroningen.nl\/studio\/wp-json\/wp\/v2\/comments?post=1518"}],"version-history":[{"count":6,"href":"https:\/\/eilandvangroningen.nl\/studio\/wp-json\/wp\/v2\/pages\/1518\/revisions"}],"predecessor-version":[{"id":1547,"href":"https:\/\/eilandvangroningen.nl\/studio\/wp-json\/wp\/v2\/pages\/1518\/revisions\/1547"}],"wp:attachment":[{"href":"https:\/\/eilandvangroningen.nl\/studio\/wp-json\/wp\/v2\/media?parent=1518"}],"curies":[{"name":"wp","href":"https:\/\/api.w.org\/{rel}","templated":true}]}}